{"id":30,"date":"2020-02-20T01:10:57","date_gmt":"2020-02-20T01:10:57","guid":{"rendered":"http:\/\/tf.themedraft.com\/wp\/valkuta\/?page_id=30"},"modified":"2025-07-06T18:05:35","modified_gmt":"2025-07-06T18:05:35","slug":"home-one","status":"publish","type":"page","link":"https:\/\/www.hundecoach-phil.de\/","title":{"rendered":"Home One"},"content":{"rendered":"\t\t<div data-elementor-type=\"wp-page\" data-elementor-id=\"30\" class=\"elementor elementor-30\">\n\t\t\t\t\t\t<section class=\"elementor-section elementor-top-section elementor-element elementor-element-74b8fbf2 elementor-section-stretched elementor-section-full_width elementor-section-height-default elementor-section-height-default\" data-id=\"74b8fbf2\" data-element_type=\"section\" data-settings=\"{&quot;stretch_section&quot;:&quot;section-stretched&quot;}\">\n\t\t\t\t\t\t<div class=\"elementor-container elementor-column-gap-no\">\n\t\t\t\t\t<div class=\"elementor-column elementor-col-100 elementor-top-column elementor-element elementor-element-4ebf47b9\" data-id=\"4ebf47b9\" data-element_type=\"column\">\n\t\t\t<div class=\"elementor-widget-wrap elementor-element-populated\">\n\t\t\t\t\t\t<div class=\"elementor-element elementor-element-704b06c4 elementor-widget elementor-widget-themedraft_home_slider\" data-id=\"704b06c4\" data-element_type=\"widget\" data-widget_type=\"themedraft_home_slider.default\">\n\t\t\t\t<div class=\"elementor-widget-container\">\n\t\t\t\t\t\t\t<div class=\"td-home-slider-area\">\n\t\t\t<div   id=\"td-home-slider-977\" class=\"td-home-slider-wrapper\">\n\t\t\t\t\n\t\t\t\t\t\t<div class=\"td-single-slide-item td-cover-bg\" style=\"background-image: url(https:\/\/demo.themedraft.net\/wp\/valkuta\/wp-content\/uploads\/2020\/02\/slider-image.jpg)\">\n\t\t\t\t\t\t\t                                <div class=\"slider-overlay\"><\/div>\n\t\t\t\t\t\t\t\t\t\t\t\t\t\t<div class=\"td-tbl\">\n\t\t\t\t\t\t\t\t<div class=\"td-tcell\">\n\t\t\t\t\t\t\t\t\t<div class=\"container\">\n\t\t\t\t\t\t\t\t\t\t<div class=\"row\">\n\t\t\t\t\t\t\t\t\t\t\t<div class=\"col-lg-12 text-left\">\n\t\t\t\t\t\t\t\t\t\t\t\t<div class=\"td-slider-content-wrapper\">\n\t\t\t\t\t\t\t\t\t\t\t\t\t<div class=\"td-slider-content\">\n\t\t\t\t\t\t\t\t\t\t\t\t\t\t                                                        <h6 class=\"td-slide-subtitle\" data-animation=\"fadeInUp\" data-delay=\".5s\">\n                                                        Dein Weg zum entspannten Hund                                                        <\/h6>\n\t\t\t\t\t\t\t\t\t\t\t\t\t    \n\t\t\t\t\t\t\t\t\t\t\t\t\t\t<div class=\"td-slider-title\" data-animation=\"fadeInUp\"  data-delay=\"1s\">\n\t\t\t\t\t\t\t\t\t\t\t\t\t\t\t<h2>Bindung st\u00e4rken, Verhalten verbessern \u2013 gemeinsam.<\/h2>\n\t\t\t\t\t\t\t\t\t\t\t\t\t\t<\/div>\n\n\t\t\t\t\t\t\t\t\t\t\t\t\t\t<div class=\"slider-button-wrapper\">\n\n                                                            \n                                                                    <div class=\"iconic-button-wrapper\" data-animation=\"fadeInUp\"  data-delay=\"1.5s\">\n                                                                        <span class=\"button-subtitle\">Anrufen oder WhatsApp<\/span>\n\n                                                                        <div class=\"button-icon\">\n\t                                                                        <i aria-hidden=\"true\" class=\"flaticon-business-phone-call\"><\/i>                                                                        <\/div>\n\n                                                                        <div class=\"button-text\">\n                                                                            <p>+49 1511 8568078<\/p>                                                                        <\/div>\n\n                                                                    <\/div>\n\n                                                            \t\t\t\t\t\t\t\t\t\t\t\t\t\t<\/div>\n\t\t\t\t\t\t\t\t\t\t\t\t\t<\/div>\n\t\t\t\t\t\t\t\t\t\t\t\t<\/div>\n\t\t\t\t\t\t\t\t\t\t\t<\/div>\n\t\t\t\t\t\t\t\t\t\t<\/div>\n\t\t\t\t\t\t\t\t\t<\/div>\n\t\t\t\t\t\t\t\t<\/div>\n\t\t\t\t\t\t\t<\/div>\n\t\t\t\t\t\t<\/div>\n\t\t\t\t\t\t\n\t\t\t\t\t\t<div class=\"td-single-slide-item td-cover-bg\" style=\"background-image: url(https:\/\/demo.themedraft.net\/wp\/valkuta\/wp-content\/uploads\/2020\/02\/blog-9-1.jpg)\">\n\t\t\t\t\t\t\t                                <div class=\"slider-overlay\"><\/div>\n\t\t\t\t\t\t\t\t\t\t\t\t\t\t<div class=\"td-tbl\">\n\t\t\t\t\t\t\t\t<div class=\"td-tcell\">\n\t\t\t\t\t\t\t\t\t<div class=\"container\">\n\t\t\t\t\t\t\t\t\t\t<div class=\"row\">\n\t\t\t\t\t\t\t\t\t\t\t<div class=\"col-lg-12 text-left\">\n\t\t\t\t\t\t\t\t\t\t\t\t<div class=\"td-slider-content-wrapper\">\n\t\t\t\t\t\t\t\t\t\t\t\t\t<div class=\"td-slider-content\">\n\t\t\t\t\t\t\t\t\t\t\t\t\t\t                                                        <h6 class=\"td-slide-subtitle\" data-animation=\"fadeInUp\" data-delay=\".5s\">\n                                                        Alltagstraining leicht gemacht                                                        <\/h6>\n\t\t\t\t\t\t\t\t\t\t\t\t\t    \n\t\t\t\t\t\t\t\t\t\t\t\t\t\t<div class=\"td-slider-title\" data-animation=\"fadeInUp\"  data-delay=\"1s\">\n\t\t\t\t\t\t\t\t\t\t\t\t\t\t\t<h2>Sicheres Verhalten in jeder Situation.<\/h2>\n\t\t\t\t\t\t\t\t\t\t\t\t\t\t<\/div>\n\n\t\t\t\t\t\t\t\t\t\t\t\t\t\t<div class=\"slider-button-wrapper\">\n\n                                                            \n                                                                    <div class=\"iconic-button-wrapper\" data-animation=\"fadeInUp\"  data-delay=\"1.5s\">\n                                                                        <span class=\"button-subtitle\">Mailen Sie mir<\/span>\n\n                                                                        <div class=\"button-icon\">\n\t                                                                        <i aria-hidden=\"true\" class=\"td-icon flaticon-business-email-2\"><\/i>                                                                        <\/div>\n\n                                                                        <div class=\"button-text\">\n                                                                            <p>kontakt@hundecoach-phil.de<\/p>                                                                        <\/div>\n\n                                                                    <\/div>\n\n                                                            \t\t\t\t\t\t\t\t\t\t\t\t\t\t<\/div>\n\t\t\t\t\t\t\t\t\t\t\t\t\t<\/div>\n\t\t\t\t\t\t\t\t\t\t\t\t<\/div>\n\t\t\t\t\t\t\t\t\t\t\t<\/div>\n\t\t\t\t\t\t\t\t\t\t<\/div>\n\t\t\t\t\t\t\t\t\t<\/div>\n\t\t\t\t\t\t\t\t<\/div>\n\t\t\t\t\t\t\t<\/div>\n\t\t\t\t\t\t<\/div>\n\t\t\t\t\t\t\n\t\t\t\t\t\t<div class=\"td-single-slide-item td-cover-bg\" style=\"background-image: url(https:\/\/demo.themedraft.net\/wp\/valkuta\/wp-content\/uploads\/2020\/02\/blog-10-1.jpg)\">\n\t\t\t\t\t\t\t                                <div class=\"slider-overlay\"><\/div>\n\t\t\t\t\t\t\t\t\t\t\t\t\t\t<div class=\"td-tbl\">\n\t\t\t\t\t\t\t\t<div class=\"td-tcell\">\n\t\t\t\t\t\t\t\t\t<div class=\"container\">\n\t\t\t\t\t\t\t\t\t\t<div class=\"row\">\n\t\t\t\t\t\t\t\t\t\t\t<div class=\"col-lg-12 text-left\">\n\t\t\t\t\t\t\t\t\t\t\t\t<div class=\"td-slider-content-wrapper\">\n\t\t\t\t\t\t\t\t\t\t\t\t\t<div class=\"td-slider-content\">\n\t\t\t\t\t\t\t\t\t\t\t\t\t\t                                                        <h6 class=\"td-slide-subtitle\" data-animation=\"fadeInUp\" data-delay=\".5s\">\n                                                        Probleme?  Ich habe L\u00f6sungen.                                                        <\/h6>\n\t\t\t\t\t\t\t\t\t\t\t\t\t    \n\t\t\t\t\t\t\t\t\t\t\t\t\t\t<div class=\"td-slider-title\" data-animation=\"fadeInUp\"  data-delay=\"1s\">\n\t\t\t\t\t\t\t\t\t\t\t\t\t\t\t<h2>Individuelles Training f\u00fcr echte Fortschritte.<\/h2>\n\t\t\t\t\t\t\t\t\t\t\t\t\t\t<\/div>\n\n\t\t\t\t\t\t\t\t\t\t\t\t\t\t<div class=\"slider-button-wrapper\">\n\n                                                                                                                                    <a data-animation=\"fadeInUp\"  data-delay=\"1.5s\" href=\"https:\/\/www.hundecoach-phil.de\/index.php\/contact\/\" class=\"td_button\" >Kontaktieren Sie mich<\/a>\n                                                            \t\t\t\t\t\t\t\t\t\t\t\t\t\t<\/div>\n\t\t\t\t\t\t\t\t\t\t\t\t\t<\/div>\n\t\t\t\t\t\t\t\t\t\t\t\t<\/div>\n\t\t\t\t\t\t\t\t\t\t\t<\/div>\n\t\t\t\t\t\t\t\t\t\t<\/div>\n\t\t\t\t\t\t\t\t\t<\/div>\n\t\t\t\t\t\t\t\t<\/div>\n\t\t\t\t\t\t\t<\/div>\n\t\t\t\t\t\t<\/div>\n\t\t\t\t\t\t\t\t\t<\/div>\n            \n                        <div class=\"banner-shape\"><\/div>\n            \t\t<\/div>\n\n\n\t\t\n\t\t\t<script>\n                (function ($) {\n                    \"use strict\";\n                    \/\/Documnet Ready Function\n                    $( document ).ready(function() {\n                        \/\/ slider - active\n                        function homeSlider() {\n                            var SliderActive = $('#td-home-slider-977');\n\n                            SliderActive.slick({\n                                slidesToShow: 1,\n                                autoplay: true,\n                                autoplaySpeed: \"4000\",\n                                speed: 1000, \/\/ slide speed\n                                dots: true,\n                                fade: true,\n                                draggable: true,\n                                pauseOnHover: false,\n\t                                                            arrows: false,\n                                prevArrow: '<i class=\"slick-arrow slick-prev fa fa-angle-left\"><\/i>',\n                                nextArrow: '<i class=\"slick-arrow slick-next fa fa-angle-right\"><\/i>',\n                                responsive: [\n                                    {\n                                        breakpoint: 992,\n                                        settings: {\n                                            \/\/768-991\n                                            arrows:false\n                                        }\n                                    },\n                                    {\n                                        breakpoint: 768,\n                                        settings: {\n                                            \/\/ 0 -767\n                                            dots:true,\n                                            arrows:false\n                                        }\n                                    }\n                                ]\n                            });\n\n\t\t\t\t\t\t\t                            function doAnimations(elements) {\n                                var animationEndEvents = 'webkitAnimationEnd mozAnimationEnd MSAnimationEnd oanimationend animationend';\n                                elements.each(function () {\n                                    var $this = $(this);\n                                    var $animationDelay = $this.data('delay');\n                                    var $animationType = 'animated ' + $this.data('animation');\n                                    $this.css({\n                                        'animation-delay': $animationDelay,\n                                        '-webkit-animation-delay': $animationDelay\n                                    });\n                                    $this.addClass($animationType).one(animationEndEvents, function () {\n                                        $this.removeClass($animationType);\n                                    });\n                                });\n                            }\n\n                            SliderActive.on('init', function (e, slick) {\n                                var $firstAnimatingElements = $('.td-single-slide-item:first-child').find('[data-animation]');\n                                doAnimations($firstAnimatingElements);\n                            });\n\n                            SliderActive.on('beforeChange', function (e, slick, currentSlide, nextSlide) {\n                                var $animatingElements = $('.td-single-slide-item[data-slick-index=\"' + nextSlide + '\"]').find('[data-animation]');\n                                doAnimations($animatingElements);\n                            });\n\t\t\t\t\t\t\t                        }\n                        homeSlider();\n\n                    });\n                })(jQuery);\n\t\t\t<\/script>\n\n\t\t\t\t\t\t\t\t<\/div>\n\t\t\t\t<\/div>\n\t\t\t\t\t<\/div>\n\t\t<\/div>\n\t\t\t\t\t<\/div>\n\t\t<\/section>\n\t\t\t\t<section class=\"elementor-section elementor-top-section elementor-element elementor-element-46c89b65 elementor-section-stretched elementor-section-boxed elementor-section-height-default elementor-section-height-default\" data-id=\"46c89b65\" data-element_type=\"section\" data-settings=\"{&quot;stretch_section&quot;:&quot;section-stretched&quot;}\">\n\t\t\t\t\t\t<div class=\"elementor-container elementor-column-gap-extended\">\n\t\t\t\t\t<div class=\"elementor-column elementor-col-50 elementor-top-column elementor-element elementor-element-6ad3e691\" data-id=\"6ad3e691\" data-element_type=\"column\">\n\t\t\t<div class=\"elementor-widget-wrap elementor-element-populated\">\n\t\t\t\t\t\t<div class=\"elementor-element elementor-element-4f2b3c74 elementor-widget elementor-widget-themedraft_section_title\" data-id=\"4f2b3c74\" data-element_type=\"widget\" data-widget_type=\"themedraft_section_title.default\">\n\t\t\t\t<div class=\"elementor-widget-container\">\n\t\t\t\t\t\n        <div class=\"row\">\n            <div class=\"col-lg-12\">\n                <div class=\"td-section-title-wrap section-title-5508\">\n                    <div class=\"td-section-title-content\">\n\t\t\t\t\t\t\n\t\t\t\t\t\t                        <h6 class=\"subtitle\">Hi ich bin Phil<\/h6>\n\t\t\t\t\t\n                    <h2 class=\"title\">Hundeerziehung mit Herz und Verstand                <\/h2>\n\t\t\t\t                    <div class=\"title-description\">\n\t\t\t\t\t\t<p>Sie haben das Gef\u00fchl, dass klassische Hundeschulen oder Welpengruppen nicht zu Ihnen und Ihrem Hund passen \u2013 und oft auch schlicht zu teuer sind?<br \/>Ihr Hund zieht an der Leine, bleibt ungern allein oder h\u00f6rt nicht zuverl\u00e4ssig auf Ihre Kommandos?<\/p>                    <\/div>\n\t\t\t\t            <\/div>\n        <\/div>\n        <\/div>\n\n        <style>\n            .td-section-title-wrap.section-title-5508 .subtitle:before{\n                background-image: url(\"https:\/\/www.hundecoach-phil.de\/wp-content\/plugins\/themedraft-core\/elementor-widgets\/assets\/images\/shape-blue.png\");\n            }\n        <\/style>\n        <\/div>\n\n\t\t\t\t\t\t<\/div>\n\t\t\t\t<\/div>\n\t\t\t\t<div class=\"elementor-element elementor-element-3c9203f6 elementor-widget elementor-widget-themedraft_icon_list\" data-id=\"3c9203f6\" data-element_type=\"widget\" data-widget_type=\"themedraft_icon_list.default\">\n\t\t\t\t<div class=\"elementor-widget-container\">\n\t\t\t\t\t\n\t\t<div class=\"td-icon-list-wrapper\">\n\t\t\t<ul class=\"td-list-default-layout\">\n                                            <li class=\"td-icon-list-item\">\n                                <span class=\"td-icon-list-icon\">\n\t                                <svg aria-hidden=\"true\" class=\"e-font-icon-svg e-fas-check-circle\" viewBox=\"0 0 512 512\" xmlns=\"http:\/\/www.w3.org\/2000\/svg\"><path d=\"M504 256c0 136.967-111.033 248-248 248S8 392.967 8 256 119.033 8 256 8s248 111.033 248 248zM227.314 387.314l184-184c6.248-6.248 6.248-16.379 0-22.627l-22.627-22.627c-6.248-6.249-16.379-6.249-22.628 0L216 308.118l-70.059-70.059c-6.248-6.248-16.379-6.248-22.628 0l-22.627 22.627c-6.248 6.248-6.248 16.379 0 22.627l104 104c6.249 6.249 16.379 6.249 22.628.001z\"><\/path><\/svg>                                <\/span>\n\t                            <span class=\"td-icon-list-text\">\n\t                            \t                                Dann sind Sie bei mir genau richtig!\t\t                                                        <\/span>\n                            <\/li>\n                        \t\t\t<\/ul>\n\t\t<\/div>\n\t\t\t\t\t\t<\/div>\n\t\t\t\t<\/div>\n\t\t\t\t<div class=\"elementor-element elementor-element-2a972d0 elementor-widget elementor-widget-button\" data-id=\"2a972d0\" data-element_type=\"widget\" data-widget_type=\"button.default\">\n\t\t\t\t<div class=\"elementor-widget-container\">\n\t\t\t\t\t\t\t\t\t<div class=\"elementor-button-wrapper\">\n\t\t\t\t\t<a class=\"elementor-button elementor-button-link elementor-size-sm\" href=\"https:\/\/www.hundecoach-phil.de\/index.php\/contact\/\">\n\t\t\t\t\t\t<span class=\"elementor-button-content-wrapper\">\n\t\t\t\t\t\t\t\t\t<span class=\"elementor-button-text\">Kontaktieren<\/span>\n\t\t\t\t\t<\/span>\n\t\t\t\t\t<\/a>\n\t\t\t\t<\/div>\n\t\t\t\t\t\t\t\t<\/div>\n\t\t\t\t<\/div>\n\t\t\t\t\t<\/div>\n\t\t<\/div>\n\t\t\t\t<div class=\"elementor-column elementor-col-50 elementor-top-column elementor-element elementor-element-40b6af09\" data-id=\"40b6af09\" data-element_type=\"column\">\n\t\t\t<div class=\"elementor-widget-wrap elementor-element-populated\">\n\t\t\t\t\t\t<div class=\"elementor-element elementor-element-4b923bf6 elementor-widget elementor-widget-themedraft_image\" data-id=\"4b923bf6\" data-element_type=\"widget\" data-widget_type=\"themedraft_image.default\">\n\t\t\t\t<div class=\"elementor-widget-container\">\n\t\t\t\t\t\n\t\t<div class=\"td-image-widget-wrapper\">\n\t\t\t<div class=\"td-image-container\">\n\t\t\t\t<img decoding=\"async\" src=\"https:\/\/www.hundecoach-phil.de\/wp-content\/uploads\/2025\/06\/ChatGPT-Image-25.-Juni-2025-01_54_00.png\" alt=\"\">\n\t\t\t<\/div>\n\t\t<\/div>\n\n\t\t\t\t\t\t<\/div>\n\t\t\t\t<\/div>\n\t\t\t\t\t<\/div>\n\t\t<\/div>\n\t\t\t\t\t<\/div>\n\t\t<\/section>\n\t\t\t\t<section class=\"elementor-section elementor-top-section elementor-element elementor-element-6bbb3aa8 elementor-section-stretched elementor-section-boxed elementor-section-height-default elementor-section-height-default\" data-id=\"6bbb3aa8\" data-element_type=\"section\" data-settings=\"{&quot;stretch_section&quot;:&quot;section-stretched&quot;}\">\n\t\t\t\t\t\t<div class=\"elementor-container elementor-column-gap-extended\">\n\t\t\t\t\t<div class=\"elementor-column elementor-col-50 elementor-top-column elementor-element elementor-element-1d93c1b9\" data-id=\"1d93c1b9\" data-element_type=\"column\">\n\t\t\t<div class=\"elementor-widget-wrap elementor-element-populated\">\n\t\t\t\t\t\t<div class=\"elementor-element elementor-element-5bc9545d elementor-widget elementor-widget-themedraft_section_title\" data-id=\"5bc9545d\" data-element_type=\"widget\" data-widget_type=\"themedraft_section_title.default\">\n\t\t\t\t<div class=\"elementor-widget-container\">\n\t\t\t\t\t\n        <div class=\"row\">\n            <div class=\"col-lg-12\">\n                <div class=\"td-section-title-wrap section-title-7791\">\n                    <div class=\"td-section-title-content\">\n\t\t\t\t\t\t\n\t\t\t\t\t\t                        <h6 class=\"subtitle\">Mein Werdegang<\/h6>\n\t\t\t\t\t\n                    <h2 class=\"title\">Ich f\u00fcr Ihren Vierbeiner                <\/h2>\n\t\t\t\t                    <div class=\"title-description\">\n\t\t\t\t\t\t<p>Ich bringe langj\u00e4hrige Erfahrung in der Hundeerziehung mit:<br \/>Ich habe selbst mehrere Hunde gro\u00dfgezogen, mich intensiv<br \/>weitergebildet und mich auf alltagsorientiertes Training<br \/>und Grundgehorsam spezialisiert. Mein Ziel ist es, Ihnen zu helfen,<br \/>Ihren Hund wirklich zu verstehen \u2013 und einen liebevollen,<br \/>klaren Umgang zu finden, der beiden Seiten gerecht wird<\/p>                    <\/div>\n\t\t\t\t            <\/div>\n        <\/div>\n        <\/div>\n\n        <style>\n            .td-section-title-wrap.section-title-7791 .subtitle:before{\n                background-image: url(\"https:\/\/www.hundecoach-phil.de\/wp-content\/plugins\/themedraft-core\/elementor-widgets\/assets\/images\/shape-blue.png\");\n            }\n        <\/style>\n        <\/div>\n\n\t\t\t\t\t\t<\/div>\n\t\t\t\t<\/div>\n\t\t\t\t<section class=\"elementor-section elementor-inner-section elementor-element elementor-element-669ae713 elementor-section-boxed elementor-section-height-default elementor-section-height-default\" data-id=\"669ae713\" data-element_type=\"section\">\n\t\t\t\t\t\t<div class=\"elementor-container elementor-column-gap-default\">\n\t\t\t\t\t<div class=\"elementor-column elementor-col-50 elementor-inner-column elementor-element elementor-element-64f4f9fb\" data-id=\"64f4f9fb\" data-element_type=\"column\">\n\t\t\t<div class=\"elementor-widget-wrap elementor-element-populated\">\n\t\t\t\t\t\t<div class=\"elementor-element elementor-element-61780beb elementor-widget elementor-widget-themedraft_icon_box\" data-id=\"61780beb\" data-element_type=\"widget\" data-widget_type=\"themedraft_icon_box.default\">\n\t\t\t\t<div class=\"elementor-widget-container\">\n\t\t\t\t\t\n\t\t<div class=\"td-icon-box-wrapper\">\n\t\t\t<div class=\"td-icon-and-title-wrap\">\n\n                    <span class=\"td-icon-wrap\">\n                        \t                        <i aria-hidden=\"true\" class=\"flaticon-pet-dog-1\"><\/i>                                            <\/span>\n\n                    <span class=\"td-icon-box-title\">Hunderziehung<\/span>\n\n\t\t\t<\/div>\n\n\t\t\t<div class=\"td-icon-box-content\">\n\t\t\t\t<p>\u00a0Sicherheit, Gehorsam, Bindung.<\/p>\t\t\t<\/div>\n\t\t<\/div>\n\n\t\t\t\t\t\t<\/div>\n\t\t\t\t<\/div>\n\t\t\t\t\t<\/div>\n\t\t<\/div>\n\t\t\t\t<div class=\"elementor-column elementor-col-50 elementor-inner-column elementor-element elementor-element-7309cd3\" data-id=\"7309cd3\" data-element_type=\"column\">\n\t\t\t<div class=\"elementor-widget-wrap elementor-element-populated\">\n\t\t\t\t\t\t<div class=\"elementor-element elementor-element-31243e00 elementor-widget elementor-widget-themedraft_icon_box\" data-id=\"31243e00\" data-element_type=\"widget\" data-widget_type=\"themedraft_icon_box.default\">\n\t\t\t\t<div class=\"elementor-widget-container\">\n\t\t\t\t\t\n\t\t<div class=\"td-icon-box-wrapper\">\n\t\t\t<div class=\"td-icon-and-title-wrap\">\n\n                    <span class=\"td-icon-wrap\">\n                        \t                        <i aria-hidden=\"true\" class=\"td-icon flaticon-pet-bone-1\"><\/i>                                            <\/span>\n\n                    <span class=\"td-icon-box-title\">Nahrungsberatung<\/span>\n\n\t\t\t<\/div>\n\n\t\t\t<div class=\"td-icon-box-content\">\n\t\t\t\t<p>Gesundheit, Energie, Wohlbefinden.<\/p>\t\t\t<\/div>\n\t\t<\/div>\n\n\t\t\t\t\t\t<\/div>\n\t\t\t\t<\/div>\n\t\t\t\t\t<\/div>\n\t\t<\/div>\n\t\t\t\t\t<\/div>\n\t\t<\/section>\n\t\t\t\t\t<\/div>\n\t\t<\/div>\n\t\t\t\t<div class=\"elementor-column elementor-col-50 elementor-top-column elementor-element elementor-element-6f5104d2\" data-id=\"6f5104d2\" data-element_type=\"column\">\n\t\t\t<div class=\"elementor-widget-wrap elementor-element-populated\">\n\t\t\t\t\t\t<div class=\"elementor-element elementor-element-4e2ea6f0 elementor-widget elementor-widget-themedraft_image\" data-id=\"4e2ea6f0\" data-element_type=\"widget\" data-widget_type=\"themedraft_image.default\">\n\t\t\t\t<div class=\"elementor-widget-container\">\n\t\t\t\t\t\n\t\t<div class=\"td-image-widget-wrapper\">\n\t\t\t<div class=\"td-image-container\">\n\t\t\t\t<img decoding=\"async\" src=\"https:\/\/demo.themedraft.net\/wp\/valkuta\/wp-content\/uploads\/2020\/02\/home-1-shape-image-2.png\" alt=\"\">\n\t\t\t<\/div>\n\t\t<\/div>\n\n\t\t\t\t\t\t<\/div>\n\t\t\t\t<\/div>\n\t\t\t\t\t<\/div>\n\t\t<\/div>\n\t\t\t\t\t<\/div>\n\t\t<\/section>\n\t\t\t\t<\/div>\n\t\t","protected":false},"excerpt":{"rendered":"<p>Dein Weg zum entspannten Hund Bindung st\u00e4rken, Verhalten verbessern \u2013 gemeinsam. Anrufen oder WhatsApp +49 1511 8568078 Alltagstraining leicht gemacht Sicheres Verhalten in jeder Situation. Mailen Sie mir kontakt@hundecoach-phil.de Probleme? Ich habe L\u00f6sungen. Individuelles Training f\u00fcr echte Fortschritte. Kontaktieren Sie mich Hi ich bin Phil Hundeerziehung mit Herz und Verstand Sie haben das Gef\u00fchl, dass [&hellip;]<\/p>\n","protected":false},"author":1,"featured_media":0,"parent":0,"menu_order":0,"comment_status":"closed","ping_status":"closed","template":"elementor_header_footer","meta":{"footnotes":""},"class_list":["post-30","page","type-page","status-publish","hentry"],"_links":{"self":[{"href":"https:\/\/www.hundecoach-phil.de\/index.php\/wp-json\/wp\/v2\/pages\/30","targetHints":{"allow":["GET"]}}],"collection":[{"href":"https:\/\/www.hundecoach-phil.de\/index.php\/wp-json\/wp\/v2\/pages"}],"about":[{"href":"https:\/\/www.hundecoach-phil.de\/index.php\/wp-json\/wp\/v2\/types\/page"}],"author":[{"embeddable":true,"href":"https:\/\/www.hundecoach-phil.de\/index.php\/wp-json\/wp\/v2\/users\/1"}],"replies":[{"embeddable":true,"href":"https:\/\/www.hundecoach-phil.de\/index.php\/wp-json\/wp\/v2\/comments?post=30"}],"version-history":[{"count":46,"href":"https:\/\/www.hundecoach-phil.de\/index.php\/wp-json\/wp\/v2\/pages\/30\/revisions"}],"predecessor-version":[{"id":492,"href":"https:\/\/www.hundecoach-phil.de\/index.php\/wp-json\/wp\/v2\/pages\/30\/revisions\/492"}],"wp:attachment":[{"href":"https:\/\/www.hundecoach-phil.de\/index.php\/wp-json\/wp\/v2\/media?parent=30"}],"curies":[{"name":"wp","href":"https:\/\/api.w.org\/{rel}","templated":true}]}}